{"id":13047,"date":"2019-02-05T11:38:06","date_gmt":"2019-02-05T11:38:06","guid":{"rendered":"https:\/\/auraclinictr.com\/about-us\/"},"modified":"2025-12-02T21:31:41","modified_gmt":"2025-12-02T21:31:41","slug":"about-us","status":"publish","type":"page","link":"https:\/\/auraclinictr.com\/fr\/about-us\/","title":{"rendered":"\u00c0 propos"},"content":{"rendered":"<div class=\"wpb-content-wrapper\"><p>[vc_row css=\u00a0\u00bb.vc_custom_1544612746480{padding-bottom: 130px !important;}\u00a0\u00bb][vc_column offset=\u00a0\u00bbvc_col-lg-5 vc_col-md-12&Prime; el_class=\u00a0\u00bbmax-600&Prime;][vc_row_inner css=\u00a0\u00bb.vc_custom_1543558163508{padding-right: 30px !important;}\u00a0\u00bb][vc_column_inner offset=\u00a0\u00bbvc_col-lg-12 vc_col-md-12&Prime;][vc_single_image image=\u00a0\u00bb13049&Prime; img_size=\u00a0\u00bbfull\u00a0\u00bb][\/vc_column_inner][\/vc_row_inner][vc_row_inner][vc_column_inner width=\u00a0\u00bb1\/4&Prime; offset=\u00a0\u00bbvc_col-lg-3 vc_col-md-3&Prime;][\/vc_column_inner][vc_column_inner width=\u00a0\u00bb3\/4&Prime; css=\u00a0\u00bb.vc_custom_1553509339067{margin-top: -232px !important;padding-top: 82px !important;padding-bottom: 82px !important;background-image: url(https:\/\/auraclinictr.com\/wp-content\/uploads\/2019\/03\/side-8.jpg?id=12145) !important;background-position: center !important;background-repeat: no-repeat !important;background-size: cover !important;}\u00a0\u00bb offset=\u00a0\u00bbvc_col-lg-9 vc_col-md-9&Prime;][vc_column_text css=\u00a0\u00bb\u00a0\u00bb]<\/p>\n<a class=\"popup-video-post\" href=\"https:\/\/www.youtube.com\/watch?v=o8OgzQdA70c\"><div class=\"video-play-icon text-center\"><span class=\"fa fa-play\"><\/span><\/div><\/a>\n<p>[\/vc_column_text][\/vc_column_inner][\/vc_row_inner][\/vc_column][vc_column css=\u00a0\u00bb.vc_custom_1553594290472{padding-top: 200px !important;padding-bottom: 200px !important;}\u00a0\u00bb offset=\u00a0\u00bbvc_col-lg-1 vc_col-md-12 vc_hidden-md vc_hidden-sm vc_hidden-xs\u00a0\u00bb][\/vc_column][vc_column offset=\u00a0\u00bbvc_col-lg-6 vc_col-md-12&Prime; el_class=\u00a0\u00bbsection-spacing-1024&Prime;]<div class=\"section-title-wrapper shortcode-rand-1 medcure-inline-css\" data-css=\"&quot;.shortcode-rand-1 .background-title { font-family:Abril Fatface;font-weight:400;font-style:normal }.shortcode-rand-1 .section-title .title-prefix { color: #1B1435; }.shortcode-rand-1 .section-title .title-suffix { color: #1B1435; }.shortcode-rand-1 .title-separator.separator-border { background-color: #1B1435; }.shortcode-rand-1 .section-title { color: #1B1435; text-transform: none; }&quot;\"><div class=\"title-wrap\"><h2 class=\"section-title\">Nous sommes la clinique Aura<\/h2><span class=\"title-separator separator-border theme-color-bg\"><\/span><\/div><!-- .title-wrap --><div class=\"section-description\"><\/p>\n<p>Notre centre est l&rsquo;une des destinations phares de Turquie en mati\u00e8re de tourisme m\u00e9dical esth\u00e9tique, fort de plus de 12 ans d&rsquo;exp\u00e9rience et d&rsquo;une accr\u00e9ditation m\u00e9dicale internationale d\u00e9livr\u00e9e par des institutions turques et internationales prestigieuses.<\/p>\n<p>&nbsp;<\/p>\n<p>Nous nous engageons \u00e0 fournir des soins personnalis\u00e9s et confidentiels, en analysant avec pr\u00e9cision les besoins de chaque patient afin d&rsquo;obtenir des r\u00e9sultats esth\u00e9tiques exceptionnels.<\/p>\n<p>&nbsp;<\/p>\n<p>Pionniers dans notre domaine, nous d\u00e9veloppons constamment notre r\u00e9seau et am\u00e9liorons nos standards de qualit\u00e9 pour garantir \u00e0 chaque patient une exp\u00e9rience optimale. Votre satisfaction, votre s\u00e9curit\u00e9 et votre confiance sont nos priorit\u00e9s absolues.<\/p>\n<p><\/div><!-- .section-description --><div class=\"button-section\"><\/div><!-- .button-section --><\/div><!-- .section-title-wrapper --><div class=\"btn-wrap d-flex justify-content-start\"><a href=\"https:\/\/wa.me\/905427264347\" class=\"btn  medcure-btn btn-default btn-rounded-circle rounded-circle theme-color-bg shortcode-rand-2 medcure-inline-css\" data-css=\"&quot;.btn.shortcode-rand-2 { color: #ffffff; }.btn.shortcode-rand-2:hover { color: #ffffff; }.btn.shortcode-rand-2:hover { background-color: #072465; }&quot;\"><span class=\"text\">Contact us<\/span><\/a><\/div>[\/vc_column][\/vc_row][vc_row css=\u00a0\u00bb.vc_custom_1553265599997{padding-top: 0px !important;}\u00a0\u00bb][vc_column][vc_row_inner][vc_column_inner offset=\u00a0\u00bbvc_col-lg-4 vc_col-md-4&Prime;]<div class=\"feature-box-wrapper title-padding-0 feature-box-style-3 text-left vc_custom_1764710050943 shortcode-rand-3 medcure-inline-css\" data-css=\"&quot;.shortcode-rand-3.feature-box-wrapper .section-title { color: #252a37; }.shortcode-rand-3.feature-box-wrapper { color: #252a37; }.shortcode-rand-3.feature-box-wrapper &gt; *:nth-child(1) { margin-bottom: 30px; }.shortcode-rand-3.feature-box-wrapper &gt; *:nth-child(2) { margin-bottom: 15px; }.shortcode-rand-3.feature-box-wrapper &gt; *:nth-child(3) { margin-bottom: 13px; }.shortcode-rand-3.feature-box-wrapper {background: -moz-linear-gradient(141deg,  0%,  51%,  75%);\\r\\n\\t\\t\\t\\tbackground: -webkit-linear-gradient(141deg,  0%,  51%,  75%);\\r\\n\\t\\t\\t\\tbackground: linear-gradient(141deg,  0%,  51%,  75%);}.shortcode-rand-3 .feature-box-icon { font-size: 24px; }.shortcode-rand-3 .feature-box-icon { height: 48px; width: 48px; }.shortcode-rand-3 .feature-box-icon &gt; span { line-height: 2; }&quot;\" ><div class=\"feature-box-thumb\"><img loading=\"lazy\" decoding=\"async\" class=\"img-fluid squared\" src=\"https:\/\/auraclinictr.com\/wp-content\/uploads\/2018\/09\/ft-1.png\" width=\"70\" height=\"70\" alt=\"Notre histoire\" \/><\/div><!-- .feature-box-thumb --><div class=\"feature-box-title\"><h6 class=\"invisible-number\">01<\/h6><h4 class=\"section-title\">Notre histoire<\/h4><\/div><!-- .feature-box-title --><div class=\"feature-box-content\"><\/p>\n<p>Forts de plus de 12 ans d&rsquo;exp\u00e9rience, nous figurons parmi les centres de tourisme m\u00e9dical esth\u00e9tique les plus r\u00e9put\u00e9s de Turquie et sommes accr\u00e9dit\u00e9s par des institutions prestigieuses.<\/p>\n<p>Notre priorit\u00e9 est de comprendre les besoins de chaque patient et de lui offrir des soins personnalis\u00e9s d&rsquo;excellence.<\/p>\n<p><\/div><!-- .feature-box-content --><\/div><!-- .feature-box-wrapper -->[\/vc_column_inner][vc_column_inner offset=\u00a0\u00bbvc_col-lg-4 vc_col-md-4&Prime;]<div class=\"feature-box-wrapper title-padding-0 feature-box-style-3 text-left vc_custom_1764709991080 shortcode-rand-4 medcure-inline-css\" data-css=\"&quot;.shortcode-rand-4.feature-box-wrapper .section-title { color: #252a37; }.shortcode-rand-4.feature-box-wrapper { color: #252a37; }.shortcode-rand-4.feature-box-wrapper &gt; *:nth-child(1) { margin-bottom: 30px; }.shortcode-rand-4.feature-box-wrapper &gt; *:nth-child(2) { margin-bottom: 15px; }.shortcode-rand-4.feature-box-wrapper &gt; *:nth-child(3) { margin-bottom: 13px; }.shortcode-rand-4.feature-box-wrapper {background: -moz-linear-gradient(141deg,  0%,  51%,  75%);\\r\\n\\t\\t\\t\\tbackground: -webkit-linear-gradient(141deg,  0%,  51%,  75%);\\r\\n\\t\\t\\t\\tbackground: linear-gradient(141deg,  0%,  51%,  75%);}.shortcode-rand-4 .feature-box-icon { font-size: 24px; }.shortcode-rand-4 .feature-box-icon { height: 48px; width: 48px; }.shortcode-rand-4 .feature-box-icon &gt; span { line-height: 2; }&quot;\" ><div class=\"feature-box-thumb\"><img loading=\"lazy\" decoding=\"async\" class=\"img-fluid squared\" src=\"https:\/\/auraclinictr.com\/wp-content\/uploads\/2018\/09\/ft-2.png\" width=\"70\" height=\"70\" alt=\"Notre mission\" \/><\/div><!-- .feature-box-thumb --><div class=\"feature-box-title\"><h6 class=\"invisible-number\">02<\/h6><h4 class=\"section-title\">Notre mission<\/h4><\/div><!-- .feature-box-title --><div class=\"feature-box-content\"><\/p>\n<p>Fournir des services de m\u00e9decine esth\u00e9tique personnalis\u00e9s, s\u00fbrs et de calibre mondial en comprenant les besoins uniques de chaque patient, en assurant les normes les plus \u00e9lev\u00e9es en mati\u00e8re de soins et de confidentialit\u00e9, et en am\u00e9liorant continuellement la qualit\u00e9 de nos services.<\/p>\n<p><\/div><!-- .feature-box-content --><\/div><!-- .feature-box-wrapper -->[\/vc_column_inner][vc_column_inner offset=\u00a0\u00bbvc_col-lg-4 vc_col-md-4&Prime;]<div class=\"feature-box-wrapper title-padding-0 feature-box-style-3 text-left vc_custom_1764710016345 shortcode-rand-5 medcure-inline-css\" data-css=\"&quot;.shortcode-rand-5.feature-box-wrapper .section-title { color: #252a37; }.shortcode-rand-5.feature-box-wrapper { color: #252a37; }.shortcode-rand-5.feature-box-wrapper &gt; *:nth-child(1) { margin-bottom: 30px; }.shortcode-rand-5.feature-box-wrapper &gt; *:nth-child(2) { margin-bottom: 15px; }.shortcode-rand-5.feature-box-wrapper &gt; *:nth-child(3) { margin-bottom: 13px; }.shortcode-rand-5.feature-box-wrapper {background: -moz-linear-gradient(141deg,  0%,  51%,  75%);\\r\\n\\t\\t\\t\\tbackground: -webkit-linear-gradient(141deg,  0%,  51%,  75%);\\r\\n\\t\\t\\t\\tbackground: linear-gradient(141deg,  0%,  51%,  75%);}.shortcode-rand-5 .feature-box-icon { font-size: 24px; }.shortcode-rand-5 .feature-box-icon { height: 48px; width: 48px; }.shortcode-rand-5 .feature-box-icon &gt; span { line-height: 2; }&quot;\" ><div class=\"feature-box-thumb\"><img loading=\"lazy\" decoding=\"async\" class=\"img-fluid squared\" src=\"https:\/\/auraclinictr.com\/wp-content\/uploads\/2018\/09\/ft-3.png\" width=\"70\" height=\"70\" alt=\"Notre vision\" \/><\/div><!-- .feature-box-thumb --><div class=\"feature-box-title\"><h6 class=\"invisible-number\">03<\/h6><h4 class=\"section-title\">Notre vision<\/h4><\/div><!-- .feature-box-title --><div class=\"feature-box-content\"><\/p>\n<p>\u00catre un leader mondial du tourisme m\u00e9dical esth\u00e9tique, reconnu pour son excellence, son innovation et ses soins exceptionnels aux patients, tout en d\u00e9veloppant continuellement nos services \u00e0 travers le monde.<\/p>\n<p><\/div><!-- .feature-box-content --><\/div><!-- .feature-box-wrapper -->[\/vc_column_inner][\/vc_row_inner][\/vc_column][\/vc_row]<\/p>\n<\/div>","protected":false},"excerpt":{"rendered":"<p>[vc_row css=\u00a0\u00bb.vc_custom_1544612746480{padding-bottom: 130px !important;}\u00a0\u00bb][vc_column offset=\u00a0\u00bbvc_col-lg-5 vc_col-md-12&Prime; el_class=\u00a0\u00bbmax-600&Prime;][vc_row_inner css=\u00a0\u00bb.vc_custom_1543558163508{padding-right: 30px !important;}\u00a0\u00bb][vc_column_inner offset=\u00a0\u00bbvc_col-lg-12 vc_col-md-12&Prime;][vc_single_image image=\u00a0\u00bb13049&Prime; img_size=\u00a0\u00bbfull\u00a0\u00bb][\/vc_column_inner][\/vc_row_inner][vc_row_inner][vc_column_inner width=\u00a0\u00bb1\/4&Prime; offset=\u00a0\u00bbvc_col-lg-3 vc_col-md-3&Prime;][\/vc_column_inner][vc_column_inner width=\u00a0\u00bb3\/4&Prime; css=\u00a0\u00bb.vc_custom_1553509339067{margin-top: -232px !important;padding-top: 82px !important;padding-bottom: 82px !important;background-image: url(https:\/\/auraclinictr.com\/wp-content\/uploads\/2019\/03\/side-8.jpg?id=12145) !important;background-position: center !important;background-repeat: no-repeat !important;background-size: cover !important;}\u00a0\u00bb offset=\u00a0\u00bbvc_col-lg-9 vc_col-md-9&Prime;][vc_column_text css=\u00a0\u00bb\u00a0\u00bb] [\/vc_column_text][\/vc_column_inner][\/vc_row_inner][\/vc_column][vc_column css=\u00a0\u00bb.vc_custom_1553594290472{padding-top: 200px !important;padding-bottom: 200px !important;}\u00a0\u00bb offset=\u00a0\u00bbvc_col-lg-1 vc_col-md-12 vc_hidden-md vc_hidden-sm vc_hidden-xs\u00a0\u00bb][\/vc_column][vc_column offset=\u00a0\u00bbvc_col-lg-6 vc_col-md-12&Prime; el_class=\u00a0\u00bbsection-spacing-1024&Prime;][\/vc_column][\/vc_row][vc_row css=\u00a0\u00bb.vc_custom_1553265599997{padding-top: 0px !important;}\u00a0\u00bb][vc_column][vc_row_inner][vc_column_inner offset=\u00a0\u00bbvc_col-lg-4 vc_col-md-4&Prime;][\/vc_column_inner][vc_column_inner<\/p>\n","protected":false},"author":3,"featured_media":0,"parent":0,"menu_order":0,"comment_status":"closed","ping_status":"closed","template":"","meta":{"_acf_changed":false,"footnotes":""},"class_list":["post-13047","page","type-page","status-publish","hentry"],"acf":[],"_hostinger_reach_plugin_has_subscription_block":false,"_hostinger_reach_plugin_is_elementor":false,"_links":{"self":[{"href":"https:\/\/auraclinictr.com\/fr\/wp-json\/wp\/v2\/pages\/13047","targetHints":{"allow":["GET"]}}],"collection":[{"href":"https:\/\/auraclinictr.com\/fr\/wp-json\/wp\/v2\/pages"}],"about":[{"href":"https:\/\/auraclinictr.com\/fr\/wp-json\/wp\/v2\/types\/page"}],"author":[{"embeddable":true,"href":"https:\/\/auraclinictr.com\/fr\/wp-json\/wp\/v2\/users\/3"}],"replies":[{"embeddable":true,"href":"https:\/\/auraclinictr.com\/fr\/wp-json\/wp\/v2\/comments?post=13047"}],"version-history":[{"count":6,"href":"https:\/\/auraclinictr.com\/fr\/wp-json\/wp\/v2\/pages\/13047\/revisions"}],"predecessor-version":[{"id":13065,"href":"https:\/\/auraclinictr.com\/fr\/wp-json\/wp\/v2\/pages\/13047\/revisions\/13065"}],"wp:attachment":[{"href":"https:\/\/auraclinictr.com\/fr\/wp-json\/wp\/v2\/media?parent=13047"}],"curies":[{"name":"wp","href":"https:\/\/api.w.org\/{rel}","templated":true}]}}